{"id":247,"date":"2014-08-18T14:08:06","date_gmt":"2014-08-18T14:08:06","guid":{"rendered":"http:\/\/www.gt3themes.com\/wordpress-themes\/pure\/?page_id=247"},"modified":"2024-04-26T16:34:51","modified_gmt":"2024-04-26T14:34:51","slug":"about-our-studio","status":"publish","type":"page","link":"http:\/\/www.ufukboy.com\/index.php\/about-our-studio\/","title":{"rendered":"About"},"content":{"rendered":"<table id=\"aboutpage\" style=\"width: 80%; border: 0px !important; margin: 0px auto;\">\n<tbody>\n<tr>\n<td style=\"border: 0px !important;\">\n<h3 style=\"text-align: center;\">\u00a0<\/h3>\n<p>I have been working on design since 2009 when I made my first sculptures from materials which had been washed ashore on beaches around Bodrum. Each creation gives me a sense of inner happiness. When people became interested in my work I started to search for more durable materials. As a boy I spent my summer holidays helping my father in his car repair shop. It was there that I came in to contact with metals, wires and different paints and learnt how to weld and solder. These materials and processes inspired me to incorporate these new skills into my designs.<\/p>\n<p>Recently I have added iron, steel, copper and brass to my repertoire. Working with new materials is exciting because each one has a different smell, feel, handling requirement and reaction to processing which lend themselves to entirely individual forms. I also enjoy working with scrap metal. This scrap metal becomes the protagonist in my creations. The rebirth of these scrap items is what makes this work so special to me mirroring the great cycle of life. The flaws in the material are very important as they show its history which enriches the uniqueness of each piece.<\/p>\n<p>In 2015 I participated in two group exhibitions and in the 2nd Bodrum Bienniale. I had a solo exhibition in Bodrum at the Ottoman Shipyard in June 2016 named \u201cTel Hikayeler\u201d (Wiry Stories) and will have another solo exhibition at Trafo in Bodrum 4-10 September 2016.<\/p>\n<p style=\"text-align: left;\">I made a sculpture named &#8216;G\u00f6kova Sadun Boro yu kucakl\u0131yor&#8217; in the memory of Sadun Boro on June \u00a02017, Kiseb\u00fck\u00fc Adal\u0131yal\u0131 .<\/p>\n<p>l have exhibition \u00a018 October 2017 at Galeri Selvin- \u0130stanbul.<\/p>\n<p>\u0130 transfered my atelier to Italy, l still continue to works at Rimini .<\/p>\n<p><span style=\"font-family: inherit; font-size: inherit;\">3 November 2018, we realised first part of\u00a0 installation for Victims of second world war . Sponsored ANP\u0130 association and Poggio Torriana municipality. Project Giusi Dellvechio, realised Mascia Mantani, Ufuk Boy.<\/span><\/p>\n<p>15-21 December 2018 Vernice Contemporary collective exhibition in Complesso Palladiano-Villa Caldogno<\/p>\n<p>Caldogno -Italy<\/p>\n<p>15 Mart-10 Nisan 2019 &#8216;Demir yuzgecler&#8217; collective exhibition &#8211; Galeri Kirmizi-Urla \/ Turkiye<\/p>\n<p>1 May 2019 we realised second part of\u00a0 installation for Victims of second world war in ltaly -Poggoo Torrianna . Sponsored ANP\u0130 association and Poggio Torriana\u00a0 municipality. Project Giusi Dellvechio, realised Mascia Mantani, Ufuk Boy.<\/p>\n<p>I was invited to the Borgo degli Artisti Residence program with my project in ltaly, the project I started in June concluded in October 2019 ; I donated the statue named Persistenza to the Fucina Museum for the Bienno comune.<\/p>\n<p>Wunderkammer collective exhibition, 13 June -19 October 2019 Bienno-Italy<\/p>\n<p>Collettive exhibition, April-A\u011fustos 2020\u00a0 in Kirmizi galleria Urla-\u0130zmir -T\u00fcrkiye<\/p>\n<p>Collettive exhibition Karl&amp;ein art galery Istanbul March 2021<\/p>\n<p>Syart International contemporary art festival Sorrento -Italy 2021<\/p>\n<p>Collettive exhibition, 2021\u00a0 in Kirmizi galleria Urla-\u0130zmir -T\u00fcrkiye<\/p>\n<p>Settembre 2022 una public sculture &#8216;Montebello citta delle Miele&#8217;\u00a0<\/p>\n<p>International meetings of contemporary art 10 June- 15 october 2023 special edition Syart festival Sorrento Italy<\/p>\n<hr class=\" type3\">\n<p>2009 Y\u0131l\u0131ndan beri tasar\u0131m ile u\u011fra\u015f\u0131yorum. \u00a0 R\u00fczgar ve dalgalar\u0131n kumsala savurdu\u011fu deniz eskileri \u00a0ile ilk \u00a0fig\u00fcrlerimi\u00a0olu\u015fturmaya ba\u015flad\u0131m. \u0130lk ba\u015flarda y\u0131llar\u0131n t\u00fcketicisi olarak ne \u00fcretsem beni mutlu ediyordu, daha sonra yapt\u0131\u011f\u0131m i\u015fler \u00e7evremde be\u011fenilmeye ba\u015flay\u0131nca estetik \u00f6n plana \u00e7\u0131kmaya ba\u015flad\u0131.\u00a0Di\u011fer taraftan deniz eskileri \u00e7ok k\u0131r\u0131lgan oldu\u011fu i\u00e7in, s\u00fcre\u00e7 bir zaman sonra daha kal\u0131c\u0131 i\u015fler yapabilece\u011fim malzemelerin aray\u0131\u015f\u0131na d\u00f6n\u00fc\u015ft\u00fc.<\/p>\n<p>\u00c7ocuklu\u011fumun yaz tatilleri babam\u0131n kaporta at\u00f6lyesinde ge\u00e7ti, kaynak kokusu, karpit, boya, lehim, metal, tel bunlar ile 13 ya\u015flar\u0131nda tan\u0131\u015ft\u0131m. Do\u011fal olarak \u00e7\u0131rakl\u0131k d\u00f6neminde tan\u0131d\u0131\u011f\u0131m hatta oynamaktan keyif ald\u0131\u011f\u0131m malzemeler ile yapt\u0131klar\u0131m ,d\u00fc\u015f\u00fcnd\u00fc\u011f\u00fcm kal\u0131c\u0131 i\u015flerin olu\u015fmas\u0131na \u00f6nemli katk\u0131 sa\u011flad\u0131, y\u00f6n verdi. Son d\u00f6nemde demir, \u00e7elik. bak\u0131r, pirin\u00e7 ile \u00e7al\u0131\u015f\u0131yorum. Yeni malzemeler ile \u00e7al\u0131\u015fmak heyecan verici. Her malzemenin kendine has kokusu, sertli\u011fi, i\u015flenme tekni\u011fi, izi, \u00a0vs. gibi \u00f6zellikleri var, her malzemeden yeni bir \u015fey \u00f6\u011freniyorum, \u00f6\u011frendik\u00e7e evren de geni\u015fliyor.<\/p>\n<p>\u00c7al\u0131\u015f\u0131rken keyif ald\u0131\u011f\u0131m \u00a0materyallerden bir tanesi de hurdaya \u00e7\u0131km\u0131\u015f malzemeler. \u00c7\u00f6pe d\u00f6n\u00fc\u015fen hurdalar yeni tasarlad\u0131\u011f\u0131m hikayelerimin akt\u00f6rleri oluyorlar. \u0130nsan ya\u015fam\u0131 ile paralel bir durum bu bahsetti\u011fim, ya\u015fam sona erdi\u011finde topra\u011fa, havaya kar\u0131\u015f\u0131p bir s\u00fcre sonra yeniden hayata kat\u0131l\u0131yoruz, d\u00f6n\u00fc\u015f\u00fcm hayat\u0131n ana \u00f6\u011fesi, ayn\u0131 durum metal i\u00e7in s\u00f6z konusu dolay\u0131s\u0131yla elimdeki malzeme onunla \u00e7al\u0131\u015f\u0131rken ileti\u015fim kurulabilen ya\u015fayan bir materyal.<\/p>\n<p>2015 Y\u0131l\u0131nda Gambilya-Bodrum da d\u00fczenlenen karma sergi<\/p>\n<p>2015 Bodrum Uluslararas\u0131 Sanat Bianeli<\/p>\n<p>2016 Y\u0131l\u0131nda \u2018Tel hikayeleri\u2019 adl\u0131 ilk ki\u015fisel sergi .<\/p>\n<p>2016 Y\u0131l\u0131nda Trafo K\u00fclt\u00fcr Merkezinde Do\u011fu \u00c7ankaya ile ortak sergi .<\/p>\n<p>2016 Y\u0131l\u0131nda Bodrum Mutlu Ke\u00e7i ilk\u00f6\u011fretim okulunda at\u00f6lye \u00e7al\u0131\u015fmas\u0131.<\/p>\n<p>2015-2018\u00a0 Tel ile form teknikleri at\u00f6lye \u00e7al\u0131\u015fmas\u0131.<\/p>\n<p>Sadun Boro An\u0131s\u0131na Bodrum Kisebuku Adaliyali&#8217;da\u00a0 &#8216;G\u00f6kova Sadun Boro&#8217;yu kucakliyor&#8217; isimli heykel \u00e7al\u0131\u015fmas\u0131.<\/p>\n<p>\u0130kinci ki\u015fisel sergi 18 Ekim 2017 Galeri Selvin-\u0130stanbul\u2019da a\u00e7\u0131ld\u0131.<\/p>\n<p>Mayis 2018 de Bodrum daki atolyemi \u0130talya\u2019ya ta\u015f\u0131d\u0131m .<\/p>\n<p>ANPI association ve Poggio Torriana Belediyesi i\u00e7in 2.Dunya sava\u015f\u0131nda hayat\u0131n\u0131 kaybedenlerin an\u0131s\u0131na yaptigimiz Estelasyonun 1. K\u0131sm\u0131n\u0131n\u00a0 a\u00e7\u0131l\u0131\u015f\u0131 vard\u0131. Projede Giusi Dellvechio ve Mascia Mantani ile birlikte \u00e7al\u0131\u015ft\u0131k.<\/p>\n<p>15-21 Aral\u0131k\u00a0 2018 Vernice Contemporary karma sergi\u00a0 Villa Caldogno\u00a0-Italy<\/p>\n<p>15 Mart-10 Nisan 2019 &#8216;Demir yuzgecler&#8217;\u00a0 Karma sergi &#8211; Galeri Kirmizi-Urla \/ Turkiye<\/p>\n<p>ANPI association ve Poggio Torriana Belediyesi i\u00e7in 2.Dunya sava\u015f\u0131nda hayat\u0131n\u0131 kaybedenlerin an\u0131s\u0131na yaptigimiz Estelasyonun 2.k\u0131sm\u0131n\u0131 tamamlayarak a\u00e7\u0131l\u0131\u015f\u0131 yapildi . Projede Giusi Dellvechio ve Mascia Mantani ile birlikte \u00e7al\u0131\u015ft\u0131k.<\/p>\n<p>Borgo degli Artisti Residence program\u0131na projem ile davet edildim, Bienno -ltalya&#8217;da Haziran ay\u0131nda ba\u015flad\u0131\u011f\u0131m proje Ekim 2019 ay\u0131nda sonu\u00e7land\u0131; Persistenza isimli heykeli Bienno komunu i\u00e7in Fucina M\u00fczesine ba\u011f\u0131\u015flad\u0131m.<\/p>\n<p>Wunderkammer karma sergi 13 Haziran -19 Ekim 2019 Bienno-Italya<\/p>\n<p>Kirmizi Galeri\u00a0 kolektif sergi, Nisan-Agustos 2020 Urla-\u0130zmir-Turkiye<\/p>\n<p>Kollektiv sergi Karl &amp; ein art galeri Istanbul 2021 Mart<\/p>\n<p>Syart uluslararasi cagdas sanat festivali &#8211; Sorrento-Italy 2021<\/p>\n<p>\u00a0Kolektif sergi\u00a0 Kirmizi Galeri\u00a0,\u00a0 2021\u00a0 Urla-\u0130zmir-Turkiye<\/p>\n<p>2022 Eylul Kamusal heykel &#8216;Montebello bal sehri&#8217;<\/p>\n<p>Syart Uluslararasi cagdas sanat festivali ozel edisyon 10 Haziran-15 Ekim 2023 Sorrento Italya<\/p>\n<p>\u00a0<\/p>\n<p>Ufuk Boy<\/p>\n<\/td>\n<\/tr>\n<\/tbody>\n<\/table>\n\n\n<p><\/p>\n","protected":false},"excerpt":{"rendered":"<p>\u00a0 I have been working on design since 2009 when I made my first sculptures from materials which had been washed ashore on beaches around Bodrum. Each creation gives me a sense of inner happiness. When people became interested in my work I started to search for more durable materials. As a boy I spent my summer holidays helping my father in his car repair shop. It was there that I came in to contact with metals, wires and different paints and learnt how to weld and solder. These materials and processes inspired me to incorporate these new skills into my designs. Recently I have added iron, steel, copper and brass to my repertoire. Working with new materials is exciting because each one has a different smell, feel, handling requirement and reaction to processing which lend themselves to entirely individual forms. I also enjoy working with scrap metal. This scrap metal becomes the protagonist in my creations. The rebirth of these scrap items is what makes this work so special to me mirroring the great cycle of life. The flaws in the material are very important as they show its history which enriches the uniqueness of each piece. In 2015 [&hellip;]<\/p>\n","protected":false},"author":1,"featured_media":0,"parent":0,"menu_order":0,"comment_status":"open","ping_status":"open","template":"","meta":{"_s2mail":""},"_links":{"self":[{"href":"http:\/\/www.ufukboy.com\/index.php\/wp-json\/wp\/v2\/pages\/247"}],"collection":[{"href":"http:\/\/www.ufukboy.com\/index.php\/wp-json\/wp\/v2\/pages"}],"about":[{"href":"http:\/\/www.ufukboy.com\/index.php\/wp-json\/wp\/v2\/types\/page"}],"author":[{"embeddable":true,"href":"http:\/\/www.ufukboy.com\/index.php\/wp-json\/wp\/v2\/users\/1"}],"replies":[{"embeddable":true,"href":"http:\/\/www.ufukboy.com\/index.php\/wp-json\/wp\/v2\/comments?post=247"}],"version-history":[{"count":75,"href":"http:\/\/www.ufukboy.com\/index.php\/wp-json\/wp\/v2\/pages\/247\/revisions"}],"predecessor-version":[{"id":1803,"href":"http:\/\/www.ufukboy.com\/index.php\/wp-json\/wp\/v2\/pages\/247\/revisions\/1803"}],"wp:attachment":[{"href":"http:\/\/www.ufukboy.com\/index.php\/wp-json\/wp\/v2\/media?parent=247"}],"curies":[{"name":"wp","href":"https:\/\/api.w.org\/{rel}","templated":true}]}}